{"id":6498,"date":"2024-04-08T14:48:20","date_gmt":"2024-04-08T13:48:20","guid":{"rendered":"https:\/\/impresamorino.com\/?page_id=6498"},"modified":"2024-04-08T14:39:40","modified_gmt":"2024-04-08T13:39:40","slug":"aspirazione-polveri-industriali","status":"publish","type":"page","link":"https:\/\/www.impresamorino.com\/it\/altri-servizi\/aspirazione-polveri-industriali\/","title":{"rendered":"Aspirazioni Civili e Industriali"},"content":{"rendered":"[vc_row type=&#8221;full_width_content&#8221; full_screen_row_position=&#8221;middle&#8221; column_margin=&#8221;default&#8221; column_direction=&#8221;default&#8221; column_direction_tablet=&#8221;default&#8221; column_direction_phone=&#8221;default&#8221; scene_position=&#8221;center&#8221; bottom_margin=&#8221;30px&#8221; text_color=&#8221;dark&#8221; text_align=&#8221;left&#8221; row_border_radius=&#8221;none&#8221; row_border_radius_applies=&#8221;bg&#8221; overflow=&#8221;visible&#8221; overlay_strength=&#8221;0.3&#8243; gradient_direction=&#8221;left_to_right&#8221; shape_divider_position=&#8221;bottom&#8221; bg_image_animation=&#8221;none&#8221; gradient_type=&#8221;default&#8221; shape_type=&#8221;&#8221;][vc_column column_padding=&#8221;no-extra-padding&#8221; column_padding_tablet=&#8221;inherit&#8221; column_padding_phone=&#8221;inherit&#8221; column_padding_position=&#8221;all&#8221; column_element_direction_desktop=&#8221;default&#8221; column_element_spacing=&#8221;default&#8221; desktop_text_alignment=&#8221;default&#8221; tablet_text_alignment=&#8221;default&#8221; phone_text_alignment=&#8221;default&#8221; background_color_opacity=&#8221;1&#8243; background_hover_color_opacity=&#8221;1&#8243; column_backdrop_filter=&#8221;none&#8221; column_shadow=&#8221;none&#8221; column_border_radius=&#8221;none&#8221; column_link_target=&#8221;_self&#8221; column_position=&#8221;default&#8221; gradient_direction=&#8221;left_to_right&#8221; overlay_strength=&#8221;0.3&#8243; width=&#8221;1\/1&#8243; tablet_width_inherit=&#8221;default&#8221; animation_type=&#8221;default&#8221; bg_image_animation=&#8221;none&#8221; border_type=&#8221;simple&#8221; column_border_width=&#8221;none&#8221; column_border_style=&#8221;solid&#8221; column_padding_type=&#8221;default&#8221; gradient_type=&#8221;default&#8221;]<style type=\"text\/css\">@media only screen and (min-width: 1300px) { #nectar-slider-instance-1, #nectar-slider-instance-1 .swiper-container { height: 700px; }  } @media only screen and (max-width: 1299px) { #nectar-slider-instance-1, #nectar-slider-instance-1 .swiper-container { height: 583.33333333333px; }  } @media only screen and (max-width: 1000px) { #nectar-slider-instance-1, #nectar-slider-instance-1 .swiper-container { height: 500px; }  } @media only screen and (max-width: 690px) { #nectar-slider-instance-1, #nectar-slider-instance-1 .swiper-container { height: 259.25925925926px; }  } <\/style><div data-midnight=\"nectar-slider\" class=\"parallax_slider_outer \"><div  data-transition=\"slide\" data-overall_style=\"classic\" data-flexible-height=\"\" data-animate-in-effect=\"zoom-out\" data-fullscreen=\"false\" data-button-sizing=\"regular\" data-button-styling=\"btn_with_count\" data-autorotate=\"\" data-parallax=\"true\" data-parallax-disable-mobile=\"\" data-caption-trans=\"fade_in_from_bottom\" data-parallax-style=\"bg_only\" data-bg-animation=\"ken_burns\" data-full-width=\"true\" class=\"nectar-slider-wrap \" id=\"nectar-slider-instance-1\"><div class=\"swiper-container\"  data-tho=\"auto\" data-tco=\"auto\" data-pho=\"auto\" data-pco=\"auto\" data-loop=\"false\" data-height=\"700\" data-min-height=\"\" data-arrows=\"false\" data-bullets=\"false\" data-bullet_style=\"see_through\" data-bullet_position=\"bottom\" data-desktop-swipe=\"false\" data-settings=\"\"> <div class=\"swiper-wrapper\"><div class=\"swiper-slide\" data-desktop-content-width=\"auto\" data-tablet-content-width=\"auto\" data-bg-alignment=\"center\" data-color-scheme=\"light\" data-x-pos=\"centered\" data-y-pos=\"middle\" ><div class=\"slide-bg-wrap\"><div class=\"image-bg\" style=\"background-image: url(https:\/\/www.impresamorino.com\/wp-content\/uploads\/2024\/02\/pulizia-silos-industrie-010.jpg);\"> &nbsp; <\/div><div class=\"slide-bg-overlay\" style=\"background-color: #000000;\"> &nbsp; <\/div><\/div><div class=\"container\">\n\t\t\t\t\t\t<div class=\"content\"><p  ><span><h1>ASPIRAZIONI CIVILI E INDUSTRIALI<\/h1><\/span><\/p><\/div>\n\t\t\t\t\t\t\t\t<\/div><!--\/container--><div class=\"video-texture \"> <span class=\"ie-fix\"><\/span> <\/div><\/div> <!--\/swiper-slide--><\/div><div class=\"nectar-slider-loading \"> <span class=\"loading-icon none\">   <\/span> <\/div> <\/div> \n\t\t\t\t\t\n\t\t\t\t\t<\/div><\/div>[\/vc_column][\/vc_row][vc_row type=&#8221;in_container&#8221; full_screen_row_position=&#8221;middle&#8221; column_margin=&#8221;none&#8221; equal_height=&#8221;yes&#8221; content_placement=&#8221;middle&#8221; column_direction=&#8221;default&#8221; column_direction_tablet=&#8221;default&#8221; column_direction_phone=&#8221;default&#8221; scene_position=&#8221;center&#8221; bottom_padding=&#8221;1%&#8221; text_color=&#8221;dark&#8221; text_align=&#8221;left&#8221; row_border_radius=&#8221;none&#8221; row_border_radius_applies=&#8221;bg&#8221; overflow=&#8221;visible&#8221; overlay_strength=&#8221;0.3&#8243; gradient_direction=&#8221;left_to_right&#8221; shape_divider_position=&#8221;bottom&#8221; bg_image_animation=&#8221;none&#8221; gradient_type=&#8221;default&#8221; shape_type=&#8221;&#8221;][vc_column column_padding=&#8221;padding-5-percent&#8221; column_padding_tablet=&#8221;inherit&#8221; column_padding_phone=&#8221;inherit&#8221; column_padding_position=&#8221;all&#8221; column_element_direction_desktop=&#8221;default&#8221; column_element_spacing=&#8221;default&#8221; desktop_text_alignment=&#8221;default&#8221; tablet_text_alignment=&#8221;default&#8221; phone_text_alignment=&#8221;default&#8221; background_color=&#8221;#f4f4f4&#8243; background_color_opacity=&#8221;1&#8243; background_hover_color_opacity=&#8221;1&#8243; column_backdrop_filter=&#8221;none&#8221; font_color=&#8221;#214382&#8243; column_shadow=&#8221;none&#8221; column_border_radius=&#8221;none&#8221; column_link_target=&#8221;_self&#8221; column_position=&#8221;default&#8221; gradient_direction=&#8221;left_to_right&#8221; overlay_strength=&#8221;0.3&#8243; width=&#8221;1\/2&#8243; tablet_width_inherit=&#8221;default&#8221; animation_type=&#8221;default&#8221; bg_image_animation=&#8221;none&#8221; border_type=&#8221;simple&#8221; column_border_width=&#8221;none&#8221; column_border_style=&#8221;solid&#8221; column_padding_type=&#8221;default&#8221; gradient_type=&#8221;default&#8221;][vc_column_text]\n<h3>SERVIZI DI ASPIRAZIONI CIVILI E INDUSTRIALI<\/h3>\n[\/vc_column_text][divider line_type=&#8221;No Line&#8221; custom_height=&#8221;30px&#8221;][vc_column_text]Morino S.r.l. offre servizi specializzati di <strong>aspirazione di inerti<\/strong>, <strong>polveri industriali<\/strong>, <strong>sedimenti<\/strong>, <strong>detriti<\/strong>, materiali granulari, residui di lavorazioni per le industrie dei vari settori, come cemento, acciaio, ecc. tramite l&#8217;utilizzo di grandi unit\u00e0 aspiranti di ultima generazione. Con i nostri mezzi \u00e8 possibile il <strong>ribaltamento a terra<\/strong> in idoneo sito oppure il<strong> travaso in big-bag<\/strong>.<\/p>\n<p>Le notevoli dimensioni dei mezzi utilizzati da Morino S.r.l. e la loro <strong>alta potenzialit\u00e0 di aspirazione<\/strong> permettono di eseguire tutti i lavori <strong>in tempi brevissimi<\/strong> rispetto alle metodologie tradizionali. Inoltre, la notevole capacit\u00e0 della cisterna consente un numero ridotto di spostamenti ai cicli di scarico e quindi le squadre preposte alla manutenzione possono entrare pi\u00f9 rapidamente in azione ottenendo cos\u00ec degli eventuali fermi dei cicli produttivi molto brevi. L&#8217;azienda \u00e8 <strong>operativa su tutto il territorio nazionale<\/strong> con rapidi tempi di risposta.<\/p>\n<p>I servizi di aspirazione e svuotamento sono relativi a:<\/p>\n<ul>\n<li>Silos, tramogge, impianti di stoccaggio alla rinfusa<\/li>\n<li>Fosse<\/li>\n<li>Serbatoi<\/li>\n<li>Carroponti<\/li>\n<li>ecc.<\/li>\n<\/ul>\n<p>Le nostre unit\u00e0 aspiranti e prementi sono in grado di <strong>rilanciare il materiale<\/strong>, ad esempio al fine di movimentarlo in altri sili o in cisterne, a diverse altezze e per diversi pesi specifici.[\/vc_column_text][\/vc_column][vc_column column_padding=&#8221;no-extra-padding&#8221; column_padding_tablet=&#8221;inherit&#8221; column_padding_phone=&#8221;inherit&#8221; column_padding_position=&#8221;all&#8221; column_element_direction_desktop=&#8221;default&#8221; column_element_spacing=&#8221;default&#8221; desktop_text_alignment=&#8221;default&#8221; tablet_text_alignment=&#8221;default&#8221; phone_text_alignment=&#8221;default&#8221; background_color_opacity=&#8221;1&#8243; background_hover_color_opacity=&#8221;1&#8243; background_image=&#8221;7911&#8243; background_image_position=&#8221;center center&#8221; background_image_stacking=&#8221;default&#8221; enable_bg_scale=&#8221;true&#8221; background_image_loading=&#8221;default&#8221; column_backdrop_filter=&#8221;none&#8221; column_shadow=&#8221;none&#8221; column_border_radius=&#8221;none&#8221; column_link_target=&#8221;_blank&#8221; column_position=&#8221;default&#8221; gradient_direction=&#8221;left_to_right&#8221; overlay_strength=&#8221;0.3&#8243; width=&#8221;1\/2&#8243; tablet_width_inherit=&#8221;default&#8221; animation_type=&#8221;default&#8221; bg_image_animation=&#8221;none&#8221; border_type=&#8221;simple&#8221; column_border_width=&#8221;none&#8221; column_border_style=&#8221;solid&#8221; column_padding_type=&#8221;default&#8221; gradient_type=&#8221;default&#8221;][divider line_type=&#8221;No Line&#8221; custom_height=&#8221;630px&#8221;][\/vc_column][\/vc_row]\n","protected":false},"excerpt":{"rendered":"<p>[vc_row type=&#8221;full_width_content&#8221; full_screen_row_position=&#8221;middle&#8221; column_margin=&#8221;default&#8221; column_direction=&#8221;default&#8221; column_direction_tablet=&#8221;default&#8221; column_direction_phone=&#8221;default&#8221; scene_position=&#8221;center&#8221; bottom_margin=&#8221;30px&#8221; text_color=&#8221;dark&#8221; text_align=&#8221;left&#8221; row_border_radius=&#8221;none&#8221; row_border_radius_applies=&#8221;bg&#8221; overflow=&#8221;visible&#8221; overlay_strength=&#8221;0.3&#8243;&#8230;<\/p>\n","protected":false},"author":2,"featured_media":0,"parent":0,"menu_order":0,"comment_status":"closed","ping_status":"closed","template":"","meta":{"iawp_total_views":376,"footnotes":""},"class_list":["post-6498","page","type-page","status-publish"],"yoast_head":"<!-- This site is optimized with the Yoast SEO plugin v27.5 - https:\/\/yoast.com\/product\/yoast-seo-wordpress\/ -->\n<title>Aspirazione Polveri Industriali - MORINO S.R.L.<\/title>\n<meta name=\"description\" content=\"MORINO esegue servizi di aspirazione di inerti, polveri, sedimenti, detriti, materiali granulari, residui di lavorazioni industriali come cemento, acciaio, ecc. tramite grandi unit\u00e0 aspiranti di ultima generazione.\" \/>\n<meta name=\"robots\" content=\"index, follow, max-snippet:-1, max-image-preview:large, max-video-preview:-1\" \/>\n<link rel=\"canonical\" href=\"https:\/\/www.impresamorino.com\/it\/altri-servizi\/aspirazione-polveri-industriali\/\" \/>\n<meta property=\"og:locale\" content=\"it_IT\" \/>\n<meta property=\"og:type\" content=\"article\" \/>\n<meta property=\"og:title\" content=\"Aspirazione Polveri Industriali - MORINO S.R.L.\" \/>\n<meta property=\"og:description\" content=\"MORINO esegue servizi di aspirazione di inerti, polveri, sedimenti, detriti, materiali granulari, residui di lavorazioni industriali come cemento, acciaio, ecc. tramite grandi unit\u00e0 aspiranti di ultima generazione.\" \/>\n<meta property=\"og:url\" content=\"https:\/\/www.impresamorino.com\/it\/altri-servizi\/aspirazione-polveri-industriali\/\" \/>\n<meta property=\"og:site_name\" content=\"MORINO S.R.L.\" \/>\n<meta property=\"og:image\" content=\"https:\/\/www.impresamorino.com\/wp-content\/uploads\/2024\/03\/morino-srl-pulizia-silos-banner-16-9-v2.jpg\" \/>\n\t<meta property=\"og:image:width\" content=\"1600\" \/>\n\t<meta property=\"og:image:height\" content=\"900\" \/>\n\t<meta property=\"og:image:type\" content=\"image\/jpeg\" \/>\n<meta name=\"twitter:card\" content=\"summary_large_image\" \/>\n<meta name=\"twitter:label1\" content=\"Tempo di lettura stimato\" \/>\n\t<meta name=\"twitter:data1\" content=\"3 minuti\" \/>\n<script type=\"application\/ld+json\" class=\"yoast-schema-graph\">{\"@context\":\"https:\\\/\\\/schema.org\",\"@graph\":[{\"@type\":\"WebPage\",\"@id\":\"https:\\\/\\\/www.impresamorino.com\\\/it\\\/altri-servizi\\\/aspirazione-polveri-industriali\\\/\",\"url\":\"https:\\\/\\\/www.impresamorino.com\\\/it\\\/altri-servizi\\\/aspirazione-polveri-industriali\\\/\",\"name\":\"Aspirazione Polveri Industriali - MORINO S.R.L.\",\"isPartOf\":{\"@id\":\"https:\\\/\\\/www.impresamorino.com\\\/it\\\/#website\"},\"datePublished\":\"2024-04-08T13:48:20+00:00\",\"description\":\"MORINO esegue servizi di aspirazione di inerti, polveri, sedimenti, detriti, materiali granulari, residui di lavorazioni industriali come cemento, acciaio, ecc. tramite grandi unit\u00e0 aspiranti di ultima generazione.\",\"breadcrumb\":{\"@id\":\"https:\\\/\\\/www.impresamorino.com\\\/it\\\/altri-servizi\\\/aspirazione-polveri-industriali\\\/#breadcrumb\"},\"inLanguage\":\"it-IT\",\"potentialAction\":[{\"@type\":\"ReadAction\",\"target\":[\"https:\\\/\\\/www.impresamorino.com\\\/it\\\/altri-servizi\\\/aspirazione-polveri-industriali\\\/\"]}]},{\"@type\":\"BreadcrumbList\",\"@id\":\"https:\\\/\\\/www.impresamorino.com\\\/it\\\/altri-servizi\\\/aspirazione-polveri-industriali\\\/#breadcrumb\",\"itemListElement\":[{\"@type\":\"ListItem\",\"position\":1,\"name\":\"Home\",\"item\":\"https:\\\/\\\/www.impresamorino.com\\\/it\\\/\"},{\"@type\":\"ListItem\",\"position\":2,\"name\":\"Aspirazioni Civili e Industriali\"}]},{\"@type\":\"WebSite\",\"@id\":\"https:\\\/\\\/www.impresamorino.com\\\/it\\\/#website\",\"url\":\"https:\\\/\\\/www.impresamorino.com\\\/it\\\/\",\"name\":\"MORINO S.R.L.\",\"description\":\"Silo Cleaning Experts \u2122\",\"publisher\":{\"@id\":\"https:\\\/\\\/www.impresamorino.com\\\/it\\\/#organization\"},\"inLanguage\":\"it-IT\"},{\"@type\":\"Organization\",\"@id\":\"https:\\\/\\\/www.impresamorino.com\\\/it\\\/#organization\",\"name\":\"MORINO S.R.L.\",\"url\":\"https:\\\/\\\/www.impresamorino.com\\\/it\\\/\",\"logo\":{\"@type\":\"ImageObject\",\"inLanguage\":\"it-IT\",\"@id\":\"https:\\\/\\\/www.impresamorino.com\\\/it\\\/#\\\/schema\\\/logo\\\/image\\\/\",\"url\":\"https:\\\/\\\/www.impresamorino.com\\\/wp-content\\\/uploads\\\/2024\\\/05\\\/morino-srl-entity-logo-white-bg.png\",\"contentUrl\":\"https:\\\/\\\/www.impresamorino.com\\\/wp-content\\\/uploads\\\/2024\\\/05\\\/morino-srl-entity-logo-white-bg.png\",\"width\":696,\"height\":696,\"caption\":\"MORINO S.R.L.\"},\"image\":{\"@id\":\"https:\\\/\\\/www.impresamorino.com\\\/it\\\/#\\\/schema\\\/logo\\\/image\\\/\"}}]}<\/script>\n<!-- \/ Yoast SEO plugin. -->","yoast_head_json":{"title":"Aspirazione Polveri Industriali - MORINO S.R.L.","description":"MORINO esegue servizi di aspirazione di inerti, polveri, sedimenti, detriti, materiali granulari, residui di lavorazioni industriali come cemento, acciaio, ecc. tramite grandi unit\u00e0 aspiranti di ultima generazione.","robots":{"index":"index","follow":"follow","max-snippet":"max-snippet:-1","max-image-preview":"max-image-preview:large","max-video-preview":"max-video-preview:-1"},"canonical":"https:\/\/www.impresamorino.com\/it\/altri-servizi\/aspirazione-polveri-industriali\/","og_locale":"it_IT","og_type":"article","og_title":"Aspirazione Polveri Industriali - MORINO S.R.L.","og_description":"MORINO esegue servizi di aspirazione di inerti, polveri, sedimenti, detriti, materiali granulari, residui di lavorazioni industriali come cemento, acciaio, ecc. tramite grandi unit\u00e0 aspiranti di ultima generazione.","og_url":"https:\/\/www.impresamorino.com\/it\/altri-servizi\/aspirazione-polveri-industriali\/","og_site_name":"MORINO S.R.L.","og_image":[{"width":1600,"height":900,"url":"https:\/\/www.impresamorino.com\/wp-content\/uploads\/2024\/03\/morino-srl-pulizia-silos-banner-16-9-v2.jpg","type":"image\/jpeg"}],"twitter_card":"summary_large_image","twitter_misc":{"Tempo di lettura stimato":"3 minuti"},"schema":{"@context":"https:\/\/schema.org","@graph":[{"@type":"WebPage","@id":"https:\/\/www.impresamorino.com\/it\/altri-servizi\/aspirazione-polveri-industriali\/","url":"https:\/\/www.impresamorino.com\/it\/altri-servizi\/aspirazione-polveri-industriali\/","name":"Aspirazione Polveri Industriali - MORINO S.R.L.","isPartOf":{"@id":"https:\/\/www.impresamorino.com\/it\/#website"},"datePublished":"2024-04-08T13:48:20+00:00","description":"MORINO esegue servizi di aspirazione di inerti, polveri, sedimenti, detriti, materiali granulari, residui di lavorazioni industriali come cemento, acciaio, ecc. tramite grandi unit\u00e0 aspiranti di ultima generazione.","breadcrumb":{"@id":"https:\/\/www.impresamorino.com\/it\/altri-servizi\/aspirazione-polveri-industriali\/#breadcrumb"},"inLanguage":"it-IT","potentialAction":[{"@type":"ReadAction","target":["https:\/\/www.impresamorino.com\/it\/altri-servizi\/aspirazione-polveri-industriali\/"]}]},{"@type":"BreadcrumbList","@id":"https:\/\/www.impresamorino.com\/it\/altri-servizi\/aspirazione-polveri-industriali\/#breadcrumb","itemListElement":[{"@type":"ListItem","position":1,"name":"Home","item":"https:\/\/www.impresamorino.com\/it\/"},{"@type":"ListItem","position":2,"name":"Aspirazioni Civili e Industriali"}]},{"@type":"WebSite","@id":"https:\/\/www.impresamorino.com\/it\/#website","url":"https:\/\/www.impresamorino.com\/it\/","name":"MORINO S.R.L.","description":"Silo Cleaning Experts \u2122","publisher":{"@id":"https:\/\/www.impresamorino.com\/it\/#organization"},"inLanguage":"it-IT"},{"@type":"Organization","@id":"https:\/\/www.impresamorino.com\/it\/#organization","name":"MORINO S.R.L.","url":"https:\/\/www.impresamorino.com\/it\/","logo":{"@type":"ImageObject","inLanguage":"it-IT","@id":"https:\/\/www.impresamorino.com\/it\/#\/schema\/logo\/image\/","url":"https:\/\/www.impresamorino.com\/wp-content\/uploads\/2024\/05\/morino-srl-entity-logo-white-bg.png","contentUrl":"https:\/\/www.impresamorino.com\/wp-content\/uploads\/2024\/05\/morino-srl-entity-logo-white-bg.png","width":696,"height":696,"caption":"MORINO S.R.L."},"image":{"@id":"https:\/\/www.impresamorino.com\/it\/#\/schema\/logo\/image\/"}}]}},"_links":{"self":[{"href":"https:\/\/www.impresamorino.com\/it\/wp-json\/wp\/v2\/pages\/6498","targetHints":{"allow":["GET"]}}],"collection":[{"href":"https:\/\/www.impresamorino.com\/it\/wp-json\/wp\/v2\/pages"}],"about":[{"href":"https:\/\/www.impresamorino.com\/it\/wp-json\/wp\/v2\/types\/page"}],"author":[{"embeddable":true,"href":"https:\/\/www.impresamorino.com\/it\/wp-json\/wp\/v2\/users\/2"}],"replies":[{"embeddable":true,"href":"https:\/\/www.impresamorino.com\/it\/wp-json\/wp\/v2\/comments?post=6498"}],"version-history":[{"count":18,"href":"https:\/\/www.impresamorino.com\/it\/wp-json\/wp\/v2\/pages\/6498\/revisions"}],"predecessor-version":[{"id":9334,"href":"https:\/\/www.impresamorino.com\/it\/wp-json\/wp\/v2\/pages\/6498\/revisions\/9334"}],"wp:attachment":[{"href":"https:\/\/www.impresamorino.com\/it\/wp-json\/wp\/v2\/media?parent=6498"}],"curies":[{"name":"wp","href":"https:\/\/api.w.org\/{rel}","templated":true}]}}