{"id":6492,"date":"2024-04-08T14:47:45","date_gmt":"2024-04-08T13:47:45","guid":{"rendered":"https:\/\/impresamorino.com\/?page_id=6492"},"modified":"2024-04-08T15:12:40","modified_gmt":"2024-04-08T14:12:40","slug":"bonifica-impianti-aeraulici","status":"publish","type":"page","link":"https:\/\/www.impresamorino.com\/it\/altri-servizi\/bonifica-impianti-aeraulici\/","title":{"rendered":"Bonifica Impianti Aeraulici"},"content":{"rendered":"[vc_row type=&#8221;full_width_content&#8221; full_screen_row_position=&#8221;middle&#8221; column_margin=&#8221;default&#8221; column_direction=&#8221;default&#8221; column_direction_tablet=&#8221;default&#8221; column_direction_phone=&#8221;default&#8221; scene_position=&#8221;center&#8221; bottom_margin=&#8221;30px&#8221; text_color=&#8221;dark&#8221; text_align=&#8221;left&#8221; row_border_radius=&#8221;none&#8221; row_border_radius_applies=&#8221;bg&#8221; overflow=&#8221;visible&#8221; overlay_strength=&#8221;0.3&#8243; gradient_direction=&#8221;left_to_right&#8221; shape_divider_position=&#8221;bottom&#8221; bg_image_animation=&#8221;none&#8221; gradient_type=&#8221;default&#8221; shape_type=&#8221;&#8221;][vc_column column_padding=&#8221;no-extra-padding&#8221; column_padding_tablet=&#8221;inherit&#8221; column_padding_phone=&#8221;inherit&#8221; column_padding_position=&#8221;all&#8221; column_element_direction_desktop=&#8221;default&#8221; column_element_spacing=&#8221;default&#8221; desktop_text_alignment=&#8221;default&#8221; tablet_text_alignment=&#8221;default&#8221; phone_text_alignment=&#8221;default&#8221; background_color_opacity=&#8221;1&#8243; background_hover_color_opacity=&#8221;1&#8243; column_backdrop_filter=&#8221;none&#8221; column_shadow=&#8221;none&#8221; column_border_radius=&#8221;none&#8221; column_link_target=&#8221;_self&#8221; column_position=&#8221;default&#8221; gradient_direction=&#8221;left_to_right&#8221; overlay_strength=&#8221;0.3&#8243; width=&#8221;1\/1&#8243; tablet_width_inherit=&#8221;default&#8221; animation_type=&#8221;default&#8221; bg_image_animation=&#8221;none&#8221; border_type=&#8221;simple&#8221; column_border_width=&#8221;none&#8221; column_border_style=&#8221;solid&#8221; column_padding_type=&#8221;default&#8221; gradient_type=&#8221;default&#8221;]<style type=\"text\/css\">@media only screen and (min-width: 1300px) { #nectar-slider-instance-1, #nectar-slider-instance-1 .swiper-container { height: 700px; }  } @media only screen and (max-width: 1299px) { #nectar-slider-instance-1, #nectar-slider-instance-1 .swiper-container { height: 583.33333333333px; }  } @media only screen and (max-width: 1000px) { #nectar-slider-instance-1, #nectar-slider-instance-1 .swiper-container { height: 500px; }  } @media only screen and (max-width: 690px) { #nectar-slider-instance-1, #nectar-slider-instance-1 .swiper-container { height: 259.25925925926px; }  } <\/style><div data-midnight=\"nectar-slider\" class=\"parallax_slider_outer \"><div  data-transition=\"slide\" data-overall_style=\"classic\" data-flexible-height=\"\" data-animate-in-effect=\"zoom-out\" data-fullscreen=\"false\" data-button-sizing=\"regular\" data-button-styling=\"btn_with_count\" data-autorotate=\"\" data-parallax=\"true\" data-parallax-disable-mobile=\"\" data-caption-trans=\"fade_in_from_bottom\" data-parallax-style=\"bg_only\" data-bg-animation=\"ken_burns\" data-full-width=\"true\" class=\"nectar-slider-wrap \" id=\"nectar-slider-instance-1\"><div class=\"swiper-container\"  data-tho=\"auto\" data-tco=\"auto\" data-pho=\"auto\" data-pco=\"auto\" data-loop=\"false\" data-height=\"700\" data-min-height=\"\" data-arrows=\"false\" data-bullets=\"false\" data-bullet_style=\"see_through\" data-bullet_position=\"bottom\" data-desktop-swipe=\"false\" data-settings=\"\"> <div class=\"swiper-wrapper\"><div class=\"swiper-slide\" data-desktop-content-width=\"auto\" data-tablet-content-width=\"auto\" data-bg-alignment=\"center\" data-color-scheme=\"light\" data-x-pos=\"centered\" data-y-pos=\"middle\" ><div class=\"slide-bg-wrap\"><div class=\"image-bg\" style=\"background-image: url(https:\/\/www.impresamorino.com\/wp-content\/uploads\/2024\/02\/bonifica-impianti-aeraulici-001.jpg);\"> &nbsp; <\/div><div class=\"slide-bg-overlay\" style=\"background-color: #000000;\"> &nbsp; <\/div><\/div><div class=\"container\">\n\t\t\t\t\t\t<div class=\"content\"><p  ><span><h1>BONIFICA IMPIANTI AERAULICI<\/h1><\/span><\/p><\/div>\n\t\t\t\t\t\t\t\t<\/div><!--\/container--><div class=\"video-texture \"> <span class=\"ie-fix\"><\/span> <\/div><\/div> <!--\/swiper-slide--><\/div><div class=\"nectar-slider-loading \"> <span class=\"loading-icon none\">   <\/span> <\/div> <\/div> \n\t\t\t\t\t\n\t\t\t\t\t<\/div><\/div>[\/vc_column][\/vc_row][vc_row type=&#8221;in_container&#8221; full_screen_row_position=&#8221;middle&#8221; column_margin=&#8221;none&#8221; equal_height=&#8221;yes&#8221; content_placement=&#8221;middle&#8221; column_direction=&#8221;default&#8221; column_direction_tablet=&#8221;default&#8221; column_direction_phone=&#8221;default&#8221; scene_position=&#8221;center&#8221; text_color=&#8221;dark&#8221; text_align=&#8221;left&#8221; row_border_radius=&#8221;none&#8221; row_border_radius_applies=&#8221;bg&#8221; overflow=&#8221;visible&#8221; overlay_strength=&#8221;0.3&#8243; gradient_direction=&#8221;left_to_right&#8221; shape_divider_position=&#8221;bottom&#8221; bg_image_animation=&#8221;none&#8221; gradient_type=&#8221;default&#8221; shape_type=&#8221;&#8221;][vc_column column_padding=&#8221;padding-5-percent&#8221; column_padding_tablet=&#8221;inherit&#8221; column_padding_phone=&#8221;inherit&#8221; column_padding_position=&#8221;all&#8221; column_element_direction_desktop=&#8221;default&#8221; column_element_spacing=&#8221;default&#8221; desktop_text_alignment=&#8221;default&#8221; tablet_text_alignment=&#8221;default&#8221; phone_text_alignment=&#8221;default&#8221; background_color=&#8221;#f4f4f4&#8243; background_color_opacity=&#8221;1&#8243; background_hover_color_opacity=&#8221;1&#8243; column_backdrop_filter=&#8221;none&#8221; font_color=&#8221;#214382&#8243; column_shadow=&#8221;none&#8221; column_border_radius=&#8221;none&#8221; column_link_target=&#8221;_self&#8221; column_position=&#8221;default&#8221; gradient_direction=&#8221;left_to_right&#8221; overlay_strength=&#8221;0.3&#8243; width=&#8221;1\/2&#8243; tablet_width_inherit=&#8221;default&#8221; animation_type=&#8221;default&#8221; bg_image_animation=&#8221;none&#8221; border_type=&#8221;simple&#8221; column_border_width=&#8221;none&#8221; column_border_style=&#8221;solid&#8221; column_padding_type=&#8221;default&#8221; gradient_type=&#8221;default&#8221;][vc_column_text]\n<h3>BONIFICA ED IGIENIZZAZIONE DEGLI IMPIANTI DI CONDIZIONAMENTO DELL\u2019ARIA<\/h3>\n[\/vc_column_text][divider line_type=&#8221;No Line&#8221; custom_height=&#8221;30px&#8221;][vc_column_text]La nostra divisione <strong>Indoor Air Quality<\/strong> offre il servizio di <strong>pulizia ed igienizzazione delle condotte aerauliche<\/strong> negli <strong>impianti di condizionamento<\/strong> dell&#8217;aria. Tra le nostre referenze possono essere citate, a titolo di esempio, la Sagat SpA (Societ\u00e0 Autostrade), l&#8217;Azienda Sanitaria Ospedaliera Santa Croce e Carle di Cuneo e l&#8217;ASL TO2 di Torino.<\/p>\n<p>Il deterioramento delle condotte di climatizzazione \u00e8 un problema comune in tutti gli impianti di condizionamento dell&#8217;aria. Questa fa s\u00ec che l&#8217;aria che respiriamo non sia pi\u00f9 la stessa di un impianto nuovo, per la formazione di colonie batteriche e fungine che vengono a crearsi col tempo e l&#8217;usura dell&#8217;impianto.<\/p>\n<p>Alcuni di questi organismi possono infatti portare con s\u00e9 malattie che in soggetti a rischio possono rivelarsi fatali. Quindi la prevenzione si rivela ancora una volta la miglior cura.[\/vc_column_text][\/vc_column][vc_column column_element_direction_desktop=&#8221;default&#8221; column_element_spacing=&#8221;default&#8221; desktop_text_alignment=&#8221;default&#8221; tablet_text_alignment=&#8221;default&#8221; phone_text_alignment=&#8221;default&#8221; background_color_opacity=&#8221;1&#8243; background_hover_color_opacity=&#8221;1&#8243; background_image=&#8221;7123&#8243; background_image_position=&#8221;center center&#8221; background_image_stacking=&#8221;default&#8221; enable_bg_scale=&#8221;true&#8221; background_image_loading=&#8221;default&#8221; column_backdrop_filter=&#8221;none&#8221; column_shadow=&#8221;none&#8221; column_border_radius=&#8221;none&#8221; column_link_target=&#8221;_blank&#8221; column_position=&#8221;default&#8221; gradient_direction=&#8221;left_to_right&#8221; overlay_strength=&#8221;0.3&#8243; width=&#8221;1\/2&#8243; tablet_width_inherit=&#8221;default&#8221; animation_type=&#8221;default&#8221; bg_image_animation=&#8221;none&#8221; border_type=&#8221;simple&#8221; column_border_width=&#8221;none&#8221; column_border_style=&#8221;solid&#8221; column_padding_type=&#8221;advanced&#8221; gradient_type=&#8221;default&#8221;][divider line_type=&#8221;No Line&#8221; custom_height=&#8221;630px&#8221;][\/vc_column][\/vc_row][vc_row type=&#8221;in_container&#8221; full_screen_row_position=&#8221;middle&#8221; column_margin=&#8221;none&#8221; equal_height=&#8221;yes&#8221; content_placement=&#8221;middle&#8221; column_direction=&#8221;reverse&#8221; column_direction_tablet=&#8221;default&#8221; column_direction_phone=&#8221;default&#8221; scene_position=&#8221;center&#8221; bottom_padding=&#8221;1%&#8221; text_color=&#8221;dark&#8221; text_align=&#8221;left&#8221; row_border_radius=&#8221;none&#8221; row_border_radius_applies=&#8221;bg&#8221; overflow=&#8221;visible&#8221; overlay_strength=&#8221;0.3&#8243; gradient_direction=&#8221;left_to_right&#8221; shape_divider_position=&#8221;bottom&#8221; bg_image_animation=&#8221;none&#8221; gradient_type=&#8221;default&#8221; shape_type=&#8221;&#8221;][vc_column column_padding=&#8221;padding-5-percent&#8221; column_padding_tablet=&#8221;inherit&#8221; column_padding_phone=&#8221;inherit&#8221; column_padding_position=&#8221;all&#8221; column_element_direction_desktop=&#8221;default&#8221; column_element_spacing=&#8221;default&#8221; desktop_text_alignment=&#8221;default&#8221; tablet_text_alignment=&#8221;default&#8221; phone_text_alignment=&#8221;default&#8221; background_color=&#8221;#f4f4f4&#8243; background_color_opacity=&#8221;1&#8243; background_hover_color_opacity=&#8221;1&#8243; column_backdrop_filter=&#8221;none&#8221; font_color=&#8221;#214382&#8243; column_shadow=&#8221;none&#8221; column_border_radius=&#8221;none&#8221; column_link_target=&#8221;_self&#8221; column_position=&#8221;default&#8221; gradient_direction=&#8221;left_to_right&#8221; overlay_strength=&#8221;0.3&#8243; width=&#8221;1\/2&#8243; tablet_width_inherit=&#8221;default&#8221; animation_type=&#8221;default&#8221; bg_image_animation=&#8221;none&#8221; border_type=&#8221;simple&#8221; column_border_width=&#8221;none&#8221; column_border_style=&#8221;solid&#8221; column_padding_type=&#8221;default&#8221; gradient_type=&#8221;default&#8221;][vc_column_text]La soluzione per prevenire i disagi che possono scaturire da una pessima condizione igienica delle canalizzazioni dell&#8217;aria \u00e8 appunto la pulizia dell&#8217;impianto aeraulico tramite appositi sistemi.<\/p>\n<p>La <strong>bonifica delle condotte aerauliche<\/strong> \u00e8 infatti indispensabile per igienizzare e quindi riportare ad una condizione entro i limiti di norma i valori microbiologici; inoltre con la pulizia dei canali aeraulici si va a rimuovere l&#8217;inevitabile accumulo di particolato all&#8217;interno dell&#8217;impianto di ventilazione, rendendo quindi il sistema pi\u00f9 sano e l&#8217;aria che respiriamo tutti i giorni pi\u00f9 vivibile.<\/p>\n<p><strong>Morino S.r.l.<\/strong> offre il suo servizio per qualunque struttura dotata di un impianto HVAC (Heating, Ventilation and Air Conditioning, ovvero &#8220;riscaldamento, ventilazione e condizionamento dell&#8217;aria&#8221;). E lo fa offrendo anche un monitoraggio predittivo di tipo strumentale quale la <strong>videoispezione delle condotte<\/strong> e il prelievo di campioni per le <strong>analisi chimiche e batteriologiche<\/strong>.[\/vc_column_text][\/vc_column][vc_column column_element_direction_desktop=&#8221;default&#8221; column_element_spacing=&#8221;default&#8221; desktop_text_alignment=&#8221;default&#8221; tablet_text_alignment=&#8221;default&#8221; phone_text_alignment=&#8221;default&#8221; background_color_opacity=&#8221;1&#8243; background_hover_color_opacity=&#8221;1&#8243; background_image=&#8221;8235&#8243; background_image_position=&#8221;center center&#8221; background_image_stacking=&#8221;default&#8221; enable_bg_scale=&#8221;true&#8221; background_image_loading=&#8221;default&#8221; column_backdrop_filter=&#8221;none&#8221; column_shadow=&#8221;none&#8221; column_border_radius=&#8221;none&#8221; column_link_target=&#8221;_blank&#8221; column_position=&#8221;default&#8221; gradient_direction=&#8221;left_to_right&#8221; overlay_strength=&#8221;0.3&#8243; width=&#8221;1\/2&#8243; tablet_width_inherit=&#8221;default&#8221; animation_type=&#8221;default&#8221; bg_image_animation=&#8221;none&#8221; border_type=&#8221;simple&#8221; column_border_width=&#8221;none&#8221; column_border_style=&#8221;solid&#8221; column_padding_type=&#8221;advanced&#8221; gradient_type=&#8221;default&#8221;][divider line_type=&#8221;No Line&#8221; custom_height=&#8221;630px&#8221;][\/vc_column][\/vc_row]\n","protected":false},"excerpt":{"rendered":"<p>[vc_row type=&#8221;full_width_content&#8221; full_screen_row_position=&#8221;middle&#8221; column_margin=&#8221;default&#8221; column_direction=&#8221;default&#8221; column_direction_tablet=&#8221;default&#8221; column_direction_phone=&#8221;default&#8221; scene_position=&#8221;center&#8221; bottom_margin=&#8221;30px&#8221; text_color=&#8221;dark&#8221; text_align=&#8221;left&#8221; row_border_radius=&#8221;none&#8221; row_border_radius_applies=&#8221;bg&#8221; overflow=&#8221;visible&#8221; overlay_strength=&#8221;0.3&#8243;&#8230;<\/p>\n","protected":false},"author":2,"featured_media":0,"parent":0,"menu_order":0,"comment_status":"closed","ping_status":"closed","template":"","meta":{"iawp_total_views":139,"footnotes":""},"class_list":["post-6492","page","type-page","status-publish"],"yoast_head":"<!-- This site is optimized with the Yoast SEO plugin v27.4 - https:\/\/yoast.com\/product\/yoast-seo-wordpress\/ -->\n<title>Bonifica Impianti Aeraulici - MORINO S.R.L.<\/title>\n<meta name=\"description\" content=\"Indoor Air Quality di MORINO offre il servizio di pulizia ed igienizzazione delle condotte aerauliche degli impianti di condizionamento dell&#039;aria.\" \/>\n<meta name=\"robots\" content=\"index, follow, max-snippet:-1, max-image-preview:large, max-video-preview:-1\" \/>\n<link rel=\"canonical\" href=\"https:\/\/www.impresamorino.com\/it\/altri-servizi\/bonifica-impianti-aeraulici\/\" \/>\n<meta property=\"og:locale\" content=\"it_IT\" \/>\n<meta property=\"og:type\" content=\"article\" \/>\n<meta property=\"og:title\" content=\"Bonifica Impianti Aeraulici - MORINO S.R.L.\" \/>\n<meta property=\"og:description\" content=\"Indoor Air Quality di MORINO offre il servizio di pulizia ed igienizzazione delle condotte aerauliche degli impianti di condizionamento dell&#039;aria.\" \/>\n<meta property=\"og:url\" content=\"https:\/\/www.impresamorino.com\/it\/altri-servizi\/bonifica-impianti-aeraulici\/\" \/>\n<meta property=\"og:site_name\" content=\"MORINO S.R.L.\" \/>\n<meta property=\"article:modified_time\" content=\"2024-04-08T14:12:40+00:00\" \/>\n<meta property=\"og:image\" content=\"https:\/\/www.impresamorino.com\/wp-content\/uploads\/2024\/03\/morino-srl-pulizia-silos-banner-16-9-v2.jpg\" \/>\n\t<meta property=\"og:image:width\" content=\"1600\" \/>\n\t<meta property=\"og:image:height\" content=\"900\" \/>\n\t<meta property=\"og:image:type\" content=\"image\/jpeg\" \/>\n<meta name=\"twitter:card\" content=\"summary_large_image\" \/>\n<meta name=\"twitter:label1\" content=\"Tempo di lettura stimato\" \/>\n\t<meta name=\"twitter:data1\" content=\"4 minuti\" \/>\n<script type=\"application\/ld+json\" class=\"yoast-schema-graph\">{\"@context\":\"https:\\\/\\\/schema.org\",\"@graph\":[{\"@type\":\"WebPage\",\"@id\":\"https:\\\/\\\/www.impresamorino.com\\\/it\\\/altri-servizi\\\/bonifica-impianti-aeraulici\\\/\",\"url\":\"https:\\\/\\\/www.impresamorino.com\\\/it\\\/altri-servizi\\\/bonifica-impianti-aeraulici\\\/\",\"name\":\"Bonifica Impianti Aeraulici - MORINO S.R.L.\",\"isPartOf\":{\"@id\":\"https:\\\/\\\/www.impresamorino.com\\\/it\\\/#website\"},\"datePublished\":\"2024-04-08T13:47:45+00:00\",\"dateModified\":\"2024-04-08T14:12:40+00:00\",\"description\":\"Indoor Air Quality di MORINO offre il servizio di pulizia ed igienizzazione delle condotte aerauliche degli impianti di condizionamento dell'aria.\",\"breadcrumb\":{\"@id\":\"https:\\\/\\\/www.impresamorino.com\\\/it\\\/altri-servizi\\\/bonifica-impianti-aeraulici\\\/#breadcrumb\"},\"inLanguage\":\"it-IT\",\"potentialAction\":[{\"@type\":\"ReadAction\",\"target\":[\"https:\\\/\\\/www.impresamorino.com\\\/it\\\/altri-servizi\\\/bonifica-impianti-aeraulici\\\/\"]}]},{\"@type\":\"BreadcrumbList\",\"@id\":\"https:\\\/\\\/www.impresamorino.com\\\/it\\\/altri-servizi\\\/bonifica-impianti-aeraulici\\\/#breadcrumb\",\"itemListElement\":[{\"@type\":\"ListItem\",\"position\":1,\"name\":\"Home\",\"item\":\"https:\\\/\\\/www.impresamorino.com\\\/it\\\/\"},{\"@type\":\"ListItem\",\"position\":2,\"name\":\"Bonifica Impianti Aeraulici\"}]},{\"@type\":\"WebSite\",\"@id\":\"https:\\\/\\\/www.impresamorino.com\\\/it\\\/#website\",\"url\":\"https:\\\/\\\/www.impresamorino.com\\\/it\\\/\",\"name\":\"MORINO S.R.L.\",\"description\":\"Silo Cleaning Experts \u2122\",\"publisher\":{\"@id\":\"https:\\\/\\\/www.impresamorino.com\\\/it\\\/#organization\"},\"inLanguage\":\"it-IT\"},{\"@type\":\"Organization\",\"@id\":\"https:\\\/\\\/www.impresamorino.com\\\/it\\\/#organization\",\"name\":\"MORINO S.R.L.\",\"url\":\"https:\\\/\\\/www.impresamorino.com\\\/it\\\/\",\"logo\":{\"@type\":\"ImageObject\",\"inLanguage\":\"it-IT\",\"@id\":\"https:\\\/\\\/www.impresamorino.com\\\/it\\\/#\\\/schema\\\/logo\\\/image\\\/\",\"url\":\"https:\\\/\\\/www.impresamorino.com\\\/wp-content\\\/uploads\\\/2024\\\/05\\\/morino-srl-entity-logo-white-bg.png\",\"contentUrl\":\"https:\\\/\\\/www.impresamorino.com\\\/wp-content\\\/uploads\\\/2024\\\/05\\\/morino-srl-entity-logo-white-bg.png\",\"width\":696,\"height\":696,\"caption\":\"MORINO S.R.L.\"},\"image\":{\"@id\":\"https:\\\/\\\/www.impresamorino.com\\\/it\\\/#\\\/schema\\\/logo\\\/image\\\/\"}}]}<\/script>\n<!-- \/ Yoast SEO plugin. -->","yoast_head_json":{"title":"Bonifica Impianti Aeraulici - MORINO S.R.L.","description":"Indoor Air Quality di MORINO offre il servizio di pulizia ed igienizzazione delle condotte aerauliche degli impianti di condizionamento dell'aria.","robots":{"index":"index","follow":"follow","max-snippet":"max-snippet:-1","max-image-preview":"max-image-preview:large","max-video-preview":"max-video-preview:-1"},"canonical":"https:\/\/www.impresamorino.com\/it\/altri-servizi\/bonifica-impianti-aeraulici\/","og_locale":"it_IT","og_type":"article","og_title":"Bonifica Impianti Aeraulici - MORINO S.R.L.","og_description":"Indoor Air Quality di MORINO offre il servizio di pulizia ed igienizzazione delle condotte aerauliche degli impianti di condizionamento dell'aria.","og_url":"https:\/\/www.impresamorino.com\/it\/altri-servizi\/bonifica-impianti-aeraulici\/","og_site_name":"MORINO S.R.L.","article_modified_time":"2024-04-08T14:12:40+00:00","og_image":[{"width":1600,"height":900,"url":"https:\/\/www.impresamorino.com\/wp-content\/uploads\/2024\/03\/morino-srl-pulizia-silos-banner-16-9-v2.jpg","type":"image\/jpeg"}],"twitter_card":"summary_large_image","twitter_misc":{"Tempo di lettura stimato":"4 minuti"},"schema":{"@context":"https:\/\/schema.org","@graph":[{"@type":"WebPage","@id":"https:\/\/www.impresamorino.com\/it\/altri-servizi\/bonifica-impianti-aeraulici\/","url":"https:\/\/www.impresamorino.com\/it\/altri-servizi\/bonifica-impianti-aeraulici\/","name":"Bonifica Impianti Aeraulici - MORINO S.R.L.","isPartOf":{"@id":"https:\/\/www.impresamorino.com\/it\/#website"},"datePublished":"2024-04-08T13:47:45+00:00","dateModified":"2024-04-08T14:12:40+00:00","description":"Indoor Air Quality di MORINO offre il servizio di pulizia ed igienizzazione delle condotte aerauliche degli impianti di condizionamento dell'aria.","breadcrumb":{"@id":"https:\/\/www.impresamorino.com\/it\/altri-servizi\/bonifica-impianti-aeraulici\/#breadcrumb"},"inLanguage":"it-IT","potentialAction":[{"@type":"ReadAction","target":["https:\/\/www.impresamorino.com\/it\/altri-servizi\/bonifica-impianti-aeraulici\/"]}]},{"@type":"BreadcrumbList","@id":"https:\/\/www.impresamorino.com\/it\/altri-servizi\/bonifica-impianti-aeraulici\/#breadcrumb","itemListElement":[{"@type":"ListItem","position":1,"name":"Home","item":"https:\/\/www.impresamorino.com\/it\/"},{"@type":"ListItem","position":2,"name":"Bonifica Impianti Aeraulici"}]},{"@type":"WebSite","@id":"https:\/\/www.impresamorino.com\/it\/#website","url":"https:\/\/www.impresamorino.com\/it\/","name":"MORINO S.R.L.","description":"Silo Cleaning Experts \u2122","publisher":{"@id":"https:\/\/www.impresamorino.com\/it\/#organization"},"inLanguage":"it-IT"},{"@type":"Organization","@id":"https:\/\/www.impresamorino.com\/it\/#organization","name":"MORINO S.R.L.","url":"https:\/\/www.impresamorino.com\/it\/","logo":{"@type":"ImageObject","inLanguage":"it-IT","@id":"https:\/\/www.impresamorino.com\/it\/#\/schema\/logo\/image\/","url":"https:\/\/www.impresamorino.com\/wp-content\/uploads\/2024\/05\/morino-srl-entity-logo-white-bg.png","contentUrl":"https:\/\/www.impresamorino.com\/wp-content\/uploads\/2024\/05\/morino-srl-entity-logo-white-bg.png","width":696,"height":696,"caption":"MORINO S.R.L."},"image":{"@id":"https:\/\/www.impresamorino.com\/it\/#\/schema\/logo\/image\/"}}]}},"_links":{"self":[{"href":"https:\/\/www.impresamorino.com\/it\/wp-json\/wp\/v2\/pages\/6492","targetHints":{"allow":["GET"]}}],"collection":[{"href":"https:\/\/www.impresamorino.com\/it\/wp-json\/wp\/v2\/pages"}],"about":[{"href":"https:\/\/www.impresamorino.com\/it\/wp-json\/wp\/v2\/types\/page"}],"author":[{"embeddable":true,"href":"https:\/\/www.impresamorino.com\/it\/wp-json\/wp\/v2\/users\/2"}],"replies":[{"embeddable":true,"href":"https:\/\/www.impresamorino.com\/it\/wp-json\/wp\/v2\/comments?post=6492"}],"version-history":[{"count":38,"href":"https:\/\/www.impresamorino.com\/it\/wp-json\/wp\/v2\/pages\/6492\/revisions"}],"predecessor-version":[{"id":9335,"href":"https:\/\/www.impresamorino.com\/it\/wp-json\/wp\/v2\/pages\/6492\/revisions\/9335"}],"wp:attachment":[{"href":"https:\/\/www.impresamorino.com\/it\/wp-json\/wp\/v2\/media?parent=6492"}],"curies":[{"name":"wp","href":"https:\/\/api.w.org\/{rel}","templated":true}]}}